{"id":1009,"date":"2025-03-13T10:09:19","date_gmt":"2025-03-13T10:09:19","guid":{"rendered":"https:\/\/xn--loppebrn-deluxe-bub.dk\/?post_type=product&#038;p=1009"},"modified":"2025-03-13T10:10:33","modified_gmt":"2025-03-13T10:10:33","slug":"macrame-regnbue-blaa-nude","status":"publish","type":"product","link":"https:\/\/xn--loppebrn-deluxe-bub.dk\/index.php\/vare\/macrame-regnbue-blaa-nude\/","title":{"rendered":"Macram\u00e9 Regnbue, bl\u00e5\/nude"},"content":{"rendered":"<p>H\u00e5ndlavede regnbuer i naturmaterialer fra Bali. M\u00e5l: 25 cm bred.<\/p>\n<p>Loppeb\u00f8rn Deluxe i Odder er eneforhandler af disse produkter, som bliver sendt direkte fra Bali til butikken. Vi kan derfor holde prisen nede, da vi undg\u00e5r en masse mellemled. Du finder det ikke billigere!<\/p>\n","protected":false},"excerpt":{"rendered":"<p>H\u00e5ndlavede regnbuer i naturmaterialer fra Bali. M\u00e5l: 25 cm bred.<\/p>\n<p>Loppeb\u00f8rn Deluxe i Odder er eneforhandler af disse produkter, som bliver sendt direkte fra Bali til butikken. Vi kan derfor holde prisen nede, da vi undg\u00e5r en masse mellemled. Du finder det ikke billigere!<\/p>\n","protected":false},"featured_media":1005,"comment_status":"open","ping_status":"closed","template":"","meta":{"inline_featured_image":false,"neve_meta_sidebar":"","neve_meta_container":"","neve_meta_enable_content_width":"off","neve_meta_content_width":100,"neve_meta_title_alignment":"","neve_meta_author_avatar":"","neve_post_elements_order":"","neve_meta_disable_header":"","neve_meta_disable_footer":"","neve_meta_disable_title":""},"product_brand":[],"product_cat":[48],"product_tag":[50,49],"class_list":{"0":"post-1009","1":"product","2":"type-product","3":"status-publish","4":"has-post-thumbnail","6":"product_cat-macrame-regnbuer","7":"product_tag-macrame","8":"product_tag-regnbuer","10":"first","11":"instock","12":"shipping-taxable","13":"purchasable","14":"product-type-simple"},"yoast_head":"<!-- This site is optimized with the Yoast SEO plugin v27.5 - https:\/\/yoast.com\/product\/yoast-seo-wordpress\/ -->\n<title>Macram\u00e9 Regnbue, bl\u00e5\/nude - Loppeb\u00f8rn Deluxe<\/title>\n<meta name=\"description\" content=\"H\u00e5ndlavede regnbuer i naturmaterialer fra Bali. M\u00e5l: 25 cm bred.Loppeb\u00f8rn Deluxe i Odder er eneforhandler af disse produkter, som bliver sendt direkte fra Bali til butikken. Vi kan derfor holde prisen nede, da vi undg\u00e5r en masse mellemled. Du finder det ikke billigere!\" \/>\n<meta name=\"robots\" content=\"index, follow, max-snippet:-1, max-image-preview:large, max-video-preview:-1\" \/>\n<link rel=\"canonical\" href=\"https:\/\/xn--loppebrn-deluxe-bub.dk\/index.php\/vare\/macrame-regnbue-blaa-nude\/\" \/>\n<meta property=\"og:locale\" content=\"da_DK\" \/>\n<meta property=\"og:type\" content=\"article\" \/>\n<meta property=\"og:title\" content=\"Macram\u00e9 Regnbue, bl\u00e5\/nude - Loppeb\u00f8rn Deluxe\" \/>\n<meta property=\"og:description\" content=\"H\u00e5ndlavede regnbuer i naturmaterialer fra Bali. M\u00e5l: 25 cm bred.Loppeb\u00f8rn Deluxe i Odder er eneforhandler af disse produkter, som bliver sendt direkte fra Bali til butikken. Vi kan derfor holde prisen nede, da vi undg\u00e5r en masse mellemled. Du finder det ikke billigere!\" \/>\n<meta property=\"og:url\" content=\"https:\/\/xn--loppebrn-deluxe-bub.dk\/index.php\/vare\/macrame-regnbue-blaa-nude\/\" \/>\n<meta property=\"og:site_name\" content=\"Loppeb\u00f8rn Deluxe\" \/>\n<meta property=\"article:publisher\" content=\"https:\/\/www.facebook.com\/search\/top?q=loppebrn-deluxe\" \/>\n<meta property=\"article:modified_time\" content=\"2025-03-13T10:10:33+00:00\" \/>\n<meta property=\"og:image\" content=\"https:\/\/xn--loppebrn-deluxe-bub.dk\/wp-content\/uploads\/2025\/03\/IMG_7670-scaled.jpeg\" \/>\n\t<meta property=\"og:image:width\" content=\"1920\" \/>\n\t<meta property=\"og:image:height\" content=\"2560\" \/>\n\t<meta property=\"og:image:type\" content=\"image\/jpeg\" \/>\n<meta name=\"twitter:card\" content=\"summary_large_image\" \/>\n<meta name=\"twitter:label1\" content=\"Estimeret l\u00e6setid\" \/>\n\t<meta name=\"twitter:data1\" content=\"1 minut\" \/>\n<script type=\"application\/ld+json\" class=\"yoast-schema-graph\">{\"@context\":\"https:\\\/\\\/schema.org\",\"@graph\":[{\"@type\":\"WebPage\",\"@id\":\"https:\\\/\\\/xn--loppebrn-deluxe-bub.dk\\\/index.php\\\/vare\\\/macrame-regnbue-blaa-nude\\\/\",\"url\":\"https:\\\/\\\/xn--loppebrn-deluxe-bub.dk\\\/index.php\\\/vare\\\/macrame-regnbue-blaa-nude\\\/\",\"name\":\"Macram\u00e9 Regnbue, bl\u00e5\\\/nude - Loppeb\u00f8rn Deluxe\",\"isPartOf\":{\"@id\":\"https:\\\/\\\/xn--loppebrn-deluxe-bub.dk\\\/#website\"},\"primaryImageOfPage\":{\"@id\":\"https:\\\/\\\/xn--loppebrn-deluxe-bub.dk\\\/index.php\\\/vare\\\/macrame-regnbue-blaa-nude\\\/#primaryimage\"},\"image\":{\"@id\":\"https:\\\/\\\/xn--loppebrn-deluxe-bub.dk\\\/index.php\\\/vare\\\/macrame-regnbue-blaa-nude\\\/#primaryimage\"},\"thumbnailUrl\":\"https:\\\/\\\/xn--loppebrn-deluxe-bub.dk\\\/wp-content\\\/uploads\\\/2025\\\/03\\\/IMG_7670-scaled.jpeg\",\"datePublished\":\"2025-03-13T10:09:19+00:00\",\"dateModified\":\"2025-03-13T10:10:33+00:00\",\"description\":\"H\u00e5ndlavede regnbuer i naturmaterialer fra Bali. M\u00e5l: 25 cm bred.Loppeb\u00f8rn Deluxe i Odder er eneforhandler af disse produkter, som bliver sendt direkte fra Bali til butikken. Vi kan derfor holde prisen nede, da vi undg\u00e5r en masse mellemled. Du finder det ikke billigere!\",\"breadcrumb\":{\"@id\":\"https:\\\/\\\/xn--loppebrn-deluxe-bub.dk\\\/index.php\\\/vare\\\/macrame-regnbue-blaa-nude\\\/#breadcrumb\"},\"inLanguage\":\"da-DK\",\"potentialAction\":[{\"@type\":\"ReadAction\",\"target\":[\"https:\\\/\\\/xn--loppebrn-deluxe-bub.dk\\\/index.php\\\/vare\\\/macrame-regnbue-blaa-nude\\\/\"]}]},{\"@type\":\"ImageObject\",\"inLanguage\":\"da-DK\",\"@id\":\"https:\\\/\\\/xn--loppebrn-deluxe-bub.dk\\\/index.php\\\/vare\\\/macrame-regnbue-blaa-nude\\\/#primaryimage\",\"url\":\"https:\\\/\\\/xn--loppebrn-deluxe-bub.dk\\\/wp-content\\\/uploads\\\/2025\\\/03\\\/IMG_7670-scaled.jpeg\",\"contentUrl\":\"https:\\\/\\\/xn--loppebrn-deluxe-bub.dk\\\/wp-content\\\/uploads\\\/2025\\\/03\\\/IMG_7670-scaled.jpeg\",\"width\":1920,\"height\":2560},{\"@type\":\"BreadcrumbList\",\"@id\":\"https:\\\/\\\/xn--loppebrn-deluxe-bub.dk\\\/index.php\\\/vare\\\/macrame-regnbue-blaa-nude\\\/#breadcrumb\",\"itemListElement\":[{\"@type\":\"ListItem\",\"position\":1,\"name\":\"Hjem\",\"item\":\"https:\\\/\\\/xn--loppebrn-deluxe-bub.dk\\\/\"},{\"@type\":\"ListItem\",\"position\":2,\"name\":\"Shop\",\"item\":\"https:\\\/\\\/xn--loppebrn-deluxe-bub.dk\\\/index.php\\\/shop\\\/\"},{\"@type\":\"ListItem\",\"position\":3,\"name\":\"Macram\u00e9 Regnbue, bl\u00e5\\\/nude\"}]},{\"@type\":\"WebSite\",\"@id\":\"https:\\\/\\\/xn--loppebrn-deluxe-bub.dk\\\/#website\",\"url\":\"https:\\\/\\\/xn--loppebrn-deluxe-bub.dk\\\/\",\"name\":\"Loppeb\u00f8rn Deluxe\",\"description\":\"B\u00e6redygtig b\u00f8rnet\u00f8jsbutik i Odder - Book en stand eller k\u00f8b billigt b\u00f8rnet\u00f8j\",\"publisher\":{\"@id\":\"https:\\\/\\\/xn--loppebrn-deluxe-bub.dk\\\/#organization\"},\"potentialAction\":[{\"@type\":\"SearchAction\",\"target\":{\"@type\":\"EntryPoint\",\"urlTemplate\":\"https:\\\/\\\/xn--loppebrn-deluxe-bub.dk\\\/?s={search_term_string}\"},\"query-input\":{\"@type\":\"PropertyValueSpecification\",\"valueRequired\":true,\"valueName\":\"search_term_string\"}}],\"inLanguage\":\"da-DK\"},{\"@type\":\"Organization\",\"@id\":\"https:\\\/\\\/xn--loppebrn-deluxe-bub.dk\\\/#organization\",\"name\":\"Loppeb\u00f8rn Deluxe\",\"url\":\"https:\\\/\\\/xn--loppebrn-deluxe-bub.dk\\\/\",\"logo\":{\"@type\":\"ImageObject\",\"inLanguage\":\"da-DK\",\"@id\":\"https:\\\/\\\/xn--loppebrn-deluxe-bub.dk\\\/#\\\/schema\\\/logo\\\/image\\\/\",\"url\":\"https:\\\/\\\/xn--loppebrn-deluxe-bub.dk\\\/wp-content\\\/uploads\\\/2023\\\/01\\\/cropped-Logo-2.png\",\"contentUrl\":\"https:\\\/\\\/xn--loppebrn-deluxe-bub.dk\\\/wp-content\\\/uploads\\\/2023\\\/01\\\/cropped-Logo-2.png\",\"width\":500,\"height\":274,\"caption\":\"Loppeb\u00f8rn Deluxe\"},\"image\":{\"@id\":\"https:\\\/\\\/xn--loppebrn-deluxe-bub.dk\\\/#\\\/schema\\\/logo\\\/image\\\/\"},\"sameAs\":[\"https:\\\/\\\/www.facebook.com\\\/search\\\/top?q=loppebrn-deluxe\",\"https:\\\/\\\/www.instagram.com\\\/p\\\/Cp2KXyhDXiL\\\/?utm_source=ig_web_copy_link\"]}]}<\/script>\n<!-- \/ Yoast SEO plugin. -->","yoast_head_json":{"title":"Macram\u00e9 Regnbue, bl\u00e5\/nude - Loppeb\u00f8rn Deluxe","description":"H\u00e5ndlavede regnbuer i naturmaterialer fra Bali. M\u00e5l: 25 cm bred.Loppeb\u00f8rn Deluxe i Odder er eneforhandler af disse produkter, som bliver sendt direkte fra Bali til butikken. Vi kan derfor holde prisen nede, da vi undg\u00e5r en masse mellemled. Du finder det ikke billigere!","robots":{"index":"index","follow":"follow","max-snippet":"max-snippet:-1","max-image-preview":"max-image-preview:large","max-video-preview":"max-video-preview:-1"},"canonical":"https:\/\/xn--loppebrn-deluxe-bub.dk\/index.php\/vare\/macrame-regnbue-blaa-nude\/","og_locale":"da_DK","og_type":"article","og_title":"Macram\u00e9 Regnbue, bl\u00e5\/nude - Loppeb\u00f8rn Deluxe","og_description":"H\u00e5ndlavede regnbuer i naturmaterialer fra Bali. M\u00e5l: 25 cm bred.Loppeb\u00f8rn Deluxe i Odder er eneforhandler af disse produkter, som bliver sendt direkte fra Bali til butikken. Vi kan derfor holde prisen nede, da vi undg\u00e5r en masse mellemled. Du finder det ikke billigere!","og_url":"https:\/\/xn--loppebrn-deluxe-bub.dk\/index.php\/vare\/macrame-regnbue-blaa-nude\/","og_site_name":"Loppeb\u00f8rn Deluxe","article_publisher":"https:\/\/www.facebook.com\/search\/top?q=loppebrn-deluxe","article_modified_time":"2025-03-13T10:10:33+00:00","og_image":[{"width":1920,"height":2560,"url":"https:\/\/xn--loppebrn-deluxe-bub.dk\/wp-content\/uploads\/2025\/03\/IMG_7670-scaled.jpeg","type":"image\/jpeg"}],"twitter_card":"summary_large_image","twitter_misc":{"Estimeret l\u00e6setid":"1 minut"},"schema":{"@context":"https:\/\/schema.org","@graph":[{"@type":"WebPage","@id":"https:\/\/xn--loppebrn-deluxe-bub.dk\/index.php\/vare\/macrame-regnbue-blaa-nude\/","url":"https:\/\/xn--loppebrn-deluxe-bub.dk\/index.php\/vare\/macrame-regnbue-blaa-nude\/","name":"Macram\u00e9 Regnbue, bl\u00e5\/nude - Loppeb\u00f8rn Deluxe","isPartOf":{"@id":"https:\/\/xn--loppebrn-deluxe-bub.dk\/#website"},"primaryImageOfPage":{"@id":"https:\/\/xn--loppebrn-deluxe-bub.dk\/index.php\/vare\/macrame-regnbue-blaa-nude\/#primaryimage"},"image":{"@id":"https:\/\/xn--loppebrn-deluxe-bub.dk\/index.php\/vare\/macrame-regnbue-blaa-nude\/#primaryimage"},"thumbnailUrl":"https:\/\/xn--loppebrn-deluxe-bub.dk\/wp-content\/uploads\/2025\/03\/IMG_7670-scaled.jpeg","datePublished":"2025-03-13T10:09:19+00:00","dateModified":"2025-03-13T10:10:33+00:00","description":"H\u00e5ndlavede regnbuer i naturmaterialer fra Bali. M\u00e5l: 25 cm bred.Loppeb\u00f8rn Deluxe i Odder er eneforhandler af disse produkter, som bliver sendt direkte fra Bali til butikken. Vi kan derfor holde prisen nede, da vi undg\u00e5r en masse mellemled. Du finder det ikke billigere!","breadcrumb":{"@id":"https:\/\/xn--loppebrn-deluxe-bub.dk\/index.php\/vare\/macrame-regnbue-blaa-nude\/#breadcrumb"},"inLanguage":"da-DK","potentialAction":[{"@type":"ReadAction","target":["https:\/\/xn--loppebrn-deluxe-bub.dk\/index.php\/vare\/macrame-regnbue-blaa-nude\/"]}]},{"@type":"ImageObject","inLanguage":"da-DK","@id":"https:\/\/xn--loppebrn-deluxe-bub.dk\/index.php\/vare\/macrame-regnbue-blaa-nude\/#primaryimage","url":"https:\/\/xn--loppebrn-deluxe-bub.dk\/wp-content\/uploads\/2025\/03\/IMG_7670-scaled.jpeg","contentUrl":"https:\/\/xn--loppebrn-deluxe-bub.dk\/wp-content\/uploads\/2025\/03\/IMG_7670-scaled.jpeg","width":1920,"height":2560},{"@type":"BreadcrumbList","@id":"https:\/\/xn--loppebrn-deluxe-bub.dk\/index.php\/vare\/macrame-regnbue-blaa-nude\/#breadcrumb","itemListElement":[{"@type":"ListItem","position":1,"name":"Hjem","item":"https:\/\/xn--loppebrn-deluxe-bub.dk\/"},{"@type":"ListItem","position":2,"name":"Shop","item":"https:\/\/xn--loppebrn-deluxe-bub.dk\/index.php\/shop\/"},{"@type":"ListItem","position":3,"name":"Macram\u00e9 Regnbue, bl\u00e5\/nude"}]},{"@type":"WebSite","@id":"https:\/\/xn--loppebrn-deluxe-bub.dk\/#website","url":"https:\/\/xn--loppebrn-deluxe-bub.dk\/","name":"Loppeb\u00f8rn Deluxe","description":"B\u00e6redygtig b\u00f8rnet\u00f8jsbutik i Odder - Book en stand eller k\u00f8b billigt b\u00f8rnet\u00f8j","publisher":{"@id":"https:\/\/xn--loppebrn-deluxe-bub.dk\/#organization"},"potentialAction":[{"@type":"SearchAction","target":{"@type":"EntryPoint","urlTemplate":"https:\/\/xn--loppebrn-deluxe-bub.dk\/?s={search_term_string}"},"query-input":{"@type":"PropertyValueSpecification","valueRequired":true,"valueName":"search_term_string"}}],"inLanguage":"da-DK"},{"@type":"Organization","@id":"https:\/\/xn--loppebrn-deluxe-bub.dk\/#organization","name":"Loppeb\u00f8rn Deluxe","url":"https:\/\/xn--loppebrn-deluxe-bub.dk\/","logo":{"@type":"ImageObject","inLanguage":"da-DK","@id":"https:\/\/xn--loppebrn-deluxe-bub.dk\/#\/schema\/logo\/image\/","url":"https:\/\/xn--loppebrn-deluxe-bub.dk\/wp-content\/uploads\/2023\/01\/cropped-Logo-2.png","contentUrl":"https:\/\/xn--loppebrn-deluxe-bub.dk\/wp-content\/uploads\/2023\/01\/cropped-Logo-2.png","width":500,"height":274,"caption":"Loppeb\u00f8rn Deluxe"},"image":{"@id":"https:\/\/xn--loppebrn-deluxe-bub.dk\/#\/schema\/logo\/image\/"},"sameAs":["https:\/\/www.facebook.com\/search\/top?q=loppebrn-deluxe","https:\/\/www.instagram.com\/p\/Cp2KXyhDXiL\/?utm_source=ig_web_copy_link"]}]}},"_links":{"self":[{"href":"https:\/\/xn--loppebrn-deluxe-bub.dk\/index.php\/wp-json\/wp\/v2\/product\/1009","targetHints":{"allow":["GET"]}}],"collection":[{"href":"https:\/\/xn--loppebrn-deluxe-bub.dk\/index.php\/wp-json\/wp\/v2\/product"}],"about":[{"href":"https:\/\/xn--loppebrn-deluxe-bub.dk\/index.php\/wp-json\/wp\/v2\/types\/product"}],"replies":[{"embeddable":true,"href":"https:\/\/xn--loppebrn-deluxe-bub.dk\/index.php\/wp-json\/wp\/v2\/comments?post=1009"}],"wp:featuredmedia":[{"embeddable":true,"href":"https:\/\/xn--loppebrn-deluxe-bub.dk\/index.php\/wp-json\/wp\/v2\/media\/1005"}],"wp:attachment":[{"href":"https:\/\/xn--loppebrn-deluxe-bub.dk\/index.php\/wp-json\/wp\/v2\/media?parent=1009"}],"wp:term":[{"taxonomy":"product_brand","embeddable":true,"href":"https:\/\/xn--loppebrn-deluxe-bub.dk\/index.php\/wp-json\/wp\/v2\/product_brand?post=1009"},{"taxonomy":"product_cat","embeddable":true,"href":"https:\/\/xn--loppebrn-deluxe-bub.dk\/index.php\/wp-json\/wp\/v2\/product_cat?post=1009"},{"taxonomy":"product_tag","embeddable":true,"href":"https:\/\/xn--loppebrn-deluxe-bub.dk\/index.php\/wp-json\/wp\/v2\/product_tag?post=1009"}],"curies":[{"name":"wp","href":"https:\/\/api.w.org\/{rel}","templated":true}]}}